{"id":107,"date":"2025-05-22T23:17:20","date_gmt":"2025-05-22T23:17:20","guid":{"rendered":"https:\/\/canjidiamonff.tigera.xyz\/?page_id=107"},"modified":"2025-05-22T23:17:20","modified_gmt":"2025-05-22T23:17:20","slug":"aviso-legal","status":"publish","type":"page","link":"https:\/\/canjidiamonff.tigera.xyz\/?page_id=107","title":{"rendered":"Aviso Legal"},"content":{"rendered":"\n<p><strong>\u00daltima actualizaci\u00f3n:<\/strong> 22 de mayo de 2025<\/p>\n\n\n\n<p>En cumplimiento con el deber de informaci\u00f3n dispuesto por las leyes aplicables, se informa a los usuarios del sitio web <em><a class=\"\" href=\"https:\/\/canjidiamonff.tigera.xyz\/\">https:\/\/canjidiamonff.tigera.xyz\/<\/a><\/em> los siguientes datos:<\/p>\n\n\n\n<p><strong>1. Datos del responsable<\/strong><\/p>\n\n\n\n<ul class=\"wp-block-list\">\n<li><strong>Titular del sitio:<\/strong> canjidiamons.tigera.xyz<\/li>\n\n\n\n<li><strong>Responsable de gesti\u00f3n:<\/strong> Pablo Egv<\/li>\n\n\n\n<li><strong>Correo electr\u00f3nico de contacto:<\/strong> <a>pablomodsofi@gmail.com<\/a><\/li>\n\n\n\n<li><strong>Finalidad del sitio:<\/strong> ofrecer herramientas informativas y servicios digitales relacionados con recompensas virtuales para el videojuego Free Fire.<\/li>\n<\/ul>\n\n\n\n<p><strong>2. Naturaleza del contenido<\/strong><\/p>\n\n\n\n<p>El contenido de este sitio es informativo. No garantizamos la efectividad ni continuidad de servicios como generadores, sorteos, eventos o m\u00e9todos descritos. No somos responsables por el uso indebido que pueda realizarse del contenido ofrecido.<\/p>\n\n\n\n<p><strong>3. Aclaraci\u00f3n de marca<\/strong><\/p>\n\n\n\n<p><em>canjidiamons.tigera.xyz<\/em> no tiene ninguna relaci\u00f3n oficial con Garena International ni con la marca Free Fire. Todos los nombres, logotipos y marcas pertenecen a sus respectivos propietarios.<\/p>\n\n\n\n<p><strong>4. Enlaces externos<\/strong><\/p>\n\n\n\n<p>Este sitio puede contener enlaces a sitios web de terceros. No ejercemos control sobre dichos sitios y no nos responsabilizamos por sus pol\u00edticas, contenidos o pr\u00e1cticas.<\/p>\n\n\n\n<p><strong>5. Responsabilidad del usuario<\/strong><\/p>\n\n\n\n<p>El usuario se compromete a hacer un uso adecuado y l\u00edcito del contenido y servicios ofrecidos, y se abstiene de realizar cualquier actividad que pueda da\u00f1ar, inutilizar o deteriorar el sitio.<\/p>\n\n\n\n<p><strong>6. Limitaci\u00f3n de responsabilidad<\/strong><\/p>\n\n\n\n<p>No nos hacemos responsables por posibles da\u00f1os que puedan derivarse del uso del sitio, incluidos errores t\u00e9cnicos, ca\u00eddas del servidor, p\u00e9rdida de datos o acceso no autorizado.<\/p>\n\n\n\n<p><strong>7. Modificaciones<\/strong><\/p>\n\n\n\n<p>Nos reservamos el derecho de modificar este Aviso Legal en cualquier momento. Cualquier cambio ser\u00e1 publicado en esta misma secci\u00f3n.<\/p>\n\n\n\n<p><strong>8. Contacto<\/strong><\/p>\n\n\n\n<p>Si tienes alguna pregunta relacionada con este Aviso Legal, puedes comunicarte con nosotros escribiendo a: <strong><a>pablomodsofi@gmail.com<\/a><\/strong><\/p>\n","protected":false},"excerpt":{"rendered":"<p>\u00daltima actualizaci\u00f3n: 22 de mayo de 2025 En cumplimiento con el deber de informaci\u00f3n dispuesto por las leyes aplicables, se informa a los usuarios del<\/p>\n","protected":false},"author":1,"featured_media":0,"parent":0,"menu_order":0,"comment_status":"closed","ping_status":"closed","template":"","meta":{"footnotes":""},"class_list":["post-107","page","type-page","status-publish","hentry"],"_links":{"self":[{"href":"https:\/\/canjidiamonff.tigera.xyz\/index.php?rest_route=\/wp\/v2\/pages\/107","targetHints":{"allow":["GET"]}}],"collection":[{"href":"https:\/\/canjidiamonff.tigera.xyz\/index.php?rest_route=\/wp\/v2\/pages"}],"about":[{"href":"https:\/\/canjidiamonff.tigera.xyz\/index.php?rest_route=\/wp\/v2\/types\/page"}],"author":[{"embeddable":true,"href":"https:\/\/canjidiamonff.tigera.xyz\/index.php?rest_route=\/wp\/v2\/users\/1"}],"replies":[{"embeddable":true,"href":"https:\/\/canjidiamonff.tigera.xyz\/index.php?rest_route=%2Fwp%2Fv2%2Fcomments&post=107"}],"version-history":[{"count":1,"href":"https:\/\/canjidiamonff.tigera.xyz\/index.php?rest_route=\/wp\/v2\/pages\/107\/revisions"}],"predecessor-version":[{"id":108,"href":"https:\/\/canjidiamonff.tigera.xyz\/index.php?rest_route=\/wp\/v2\/pages\/107\/revisions\/108"}],"wp:attachment":[{"href":"https:\/\/canjidiamonff.tigera.xyz\/index.php?rest_route=%2Fwp%2Fv2%2Fmedia&parent=107"}],"curies":[{"name":"wp","href":"https:\/\/api.w.org\/{rel}","templated":true}]}}