{"id":109,"date":"2025-05-22T23:18:40","date_gmt":"2025-05-22T23:18:40","guid":{"rendered":"https:\/\/canjidiamonff.tigera.xyz\/?page_id=109"},"modified":"2025-05-22T23:18:41","modified_gmt":"2025-05-22T23:18:41","slug":"politica-de-cookies","status":"publish","type":"page","link":"https:\/\/canjidiamonff.tigera.xyz\/?page_id=109","title":{"rendered":"Pol\u00edtica de Cookies"},"content":{"rendered":"\n<p><strong>\u00daltima actualizaci\u00f3n:<\/strong> 22 de mayo de 2025<\/p>\n\n\n\n<p>En <em>canjidiamons.tigera.xyz<\/em> utilizamos cookies para mejorar la experiencia del usuario, analizar el uso del sitio y ofrecer funciones personalizadas. A continuaci\u00f3n te explicamos qu\u00e9 son las cookies, qu\u00e9 tipos utilizamos y c\u00f3mo puedes gestionarlas.<\/p>\n\n\n\n<p><strong>1. \u00bfQu\u00e9 son las cookies?<\/strong><\/p>\n\n\n\n<p>Las cookies son peque\u00f1os archivos de texto que se almacenan en tu dispositivo (ordenador, m\u00f3vil, tablet) cuando visitas un sitio web. Sirven para recordar tus preferencias y registrar informaci\u00f3n sobre tu actividad de navegaci\u00f3n.<\/p>\n\n\n\n<p><strong>2. Tipos de cookies que usamos<\/strong><\/p>\n\n\n\n<ul class=\"wp-block-list\">\n<li><strong>Cookies t\u00e9cnicas:<\/strong> necesarias para el funcionamiento b\u00e1sico del sitio, como la navegaci\u00f3n o el acceso a \u00e1reas seguras.<\/li>\n\n\n\n<li><strong>Cookies de an\u00e1lisis:<\/strong> nos permiten obtener estad\u00edsticas an\u00f3nimas sobre el uso del sitio y mejorar su funcionamiento.<\/li>\n\n\n\n<li><strong>Cookies de terceros:<\/strong> pueden ser utilizadas por servicios externos integrados en el sitio (por ejemplo, herramientas de anal\u00edtica o publicidad).<\/li>\n<\/ul>\n\n\n\n<p><strong>3. Cookies de terceros que podr\u00edan utilizarse<\/strong><\/p>\n\n\n\n<p>Algunas cookies pueden ser instaladas por servicios de terceros como:<\/p>\n\n\n\n<ul class=\"wp-block-list\">\n<li><strong>Google Analytics:<\/strong> para recopilar estad\u00edsticas de navegaci\u00f3n.<\/li>\n\n\n\n<li><strong>Google AdSense o redes publicitarias:<\/strong> si se utilizan anuncios en el sitio.<\/li>\n\n\n\n<li><strong>Botones de redes sociales o contenido embebido:<\/strong> pueden generar cookies si se integran servicios de terceros.<\/li>\n<\/ul>\n\n\n\n<p><strong>4. Gesti\u00f3n de cookies<\/strong><\/p>\n\n\n\n<p>Puedes aceptar, rechazar o configurar el uso de cookies desde tu navegador. La mayor\u00eda permite:<\/p>\n\n\n\n<ul class=\"wp-block-list\">\n<li>Ver qu\u00e9 cookies est\u00e1n instaladas<\/li>\n\n\n\n<li>Eliminar todas o algunas<\/li>\n\n\n\n<li>Bloquear cookies de sitios espec\u00edficos<\/li>\n<\/ul>\n\n\n\n<p>Consulta las opciones de configuraci\u00f3n de tu navegador para hacerlo.<\/p>\n\n\n\n<p><strong>5. Advertencia sobre la desactivaci\u00f3n de cookies<\/strong><\/p>\n\n\n\n<p>Si decides bloquear o eliminar cookies, algunas funciones del sitio podr\u00edan no funcionar correctamente, como la generaci\u00f3n de recompensas o el acceso a contenido personalizado.<\/p>\n\n\n\n<p><strong>6. Cambios en la Pol\u00edtica de Cookies<\/strong><\/p>\n\n\n\n<p>Nos reservamos el derecho de actualizar esta Pol\u00edtica de Cookies en cualquier momento. Cualquier cambio ser\u00e1 publicado en esta misma secci\u00f3n con la fecha de actualizaci\u00f3n correspondiente.<\/p>\n\n\n\n<p><strong>7. Contacto<\/strong><\/p>\n\n\n\n<p>Si tienes dudas sobre nuestra pol\u00edtica de cookies, puedes escribirnos a: pablomodsofi@gmail.com<\/p>\n\n\n\n<p><\/p>\n","protected":false},"excerpt":{"rendered":"<p>\u00daltima actualizaci\u00f3n: 22 de mayo de 2025 En canjidiamons.tigera.xyz utilizamos cookies para mejorar la experiencia del usuario, analizar el uso del sitio y ofrecer funciones<\/p>\n","protected":false},"author":1,"featured_media":0,"parent":0,"menu_order":0,"comment_status":"closed","ping_status":"closed","template":"","meta":{"footnotes":""},"class_list":["post-109","page","type-page","status-publish","hentry"],"_links":{"self":[{"href":"https:\/\/canjidiamonff.tigera.xyz\/index.php?rest_route=\/wp\/v2\/pages\/109","targetHints":{"allow":["GET"]}}],"collection":[{"href":"https:\/\/canjidiamonff.tigera.xyz\/index.php?rest_route=\/wp\/v2\/pages"}],"about":[{"href":"https:\/\/canjidiamonff.tigera.xyz\/index.php?rest_route=\/wp\/v2\/types\/page"}],"author":[{"embeddable":true,"href":"https:\/\/canjidiamonff.tigera.xyz\/index.php?rest_route=\/wp\/v2\/users\/1"}],"replies":[{"embeddable":true,"href":"https:\/\/canjidiamonff.tigera.xyz\/index.php?rest_route=%2Fwp%2Fv2%2Fcomments&post=109"}],"version-history":[{"count":1,"href":"https:\/\/canjidiamonff.tigera.xyz\/index.php?rest_route=\/wp\/v2\/pages\/109\/revisions"}],"predecessor-version":[{"id":110,"href":"https:\/\/canjidiamonff.tigera.xyz\/index.php?rest_route=\/wp\/v2\/pages\/109\/revisions\/110"}],"wp:attachment":[{"href":"https:\/\/canjidiamonff.tigera.xyz\/index.php?rest_route=%2Fwp%2Fv2%2Fmedia&parent=109"}],"curies":[{"name":"wp","href":"https:\/\/api.w.org\/{rel}","templated":true}]}}