{"id":111,"date":"2025-05-22T23:18:55","date_gmt":"2025-05-22T23:18:55","guid":{"rendered":"https:\/\/canjidiamonff.tigera.xyz\/?page_id=111"},"modified":"2025-05-22T23:18:55","modified_gmt":"2025-05-22T23:18:55","slug":"quienes-somos","status":"publish","type":"page","link":"https:\/\/canjidiamonff.tigera.xyz\/?page_id=111","title":{"rendered":"Qui\u00e9nes somos"},"content":{"rendered":"\n<p>Bienvenido a <em>canjidiamons.tigera.xyz<\/em>, un sitio web creado con el objetivo de ofrecer herramientas, gu\u00edas y contenido informativo relacionado con el videojuego Free Fire.<\/p>\n\n\n\n<p>Nuestra misi\u00f3n es brindar a los jugadores acceso a informaci\u00f3n \u00fatil sobre recompensas virtuales como diamantes, trajes, tickets, skins y otros elementos populares del juego. Aqu\u00ed encontrar\u00e1s contenido actualizado sobre generadores, eventos, tendencias y m\u00e9todos seguros para mejorar tu experiencia en Free Fire.<\/p>\n\n\n\n<p><strong>Importante:<\/strong> No estamos afiliados oficialmente con Garena ni con Free Fire. Todos los nombres, logotipos y marcas mencionados en el sitio pertenecen a sus respectivos propietarios. Este sitio es independiente y tiene fines informativos.<\/p>\n\n\n\n<p><strong>Responsable del sitio:<\/strong><br>Nombre: Pablo Egv<br>Correo de contacto: <a>pablomodsofi@gmail.com<\/a><br>URL oficial: <a class=\"\" href=\"https:\/\/canjidiamonff.tigera.xyz\">https:\/\/canjidiamonff.tigera.xyz<\/a><\/p>\n\n\n\n<p>Trabajamos para que nuestra comunidad acceda a contenido confiable y actualizado, respetando la privacidad de nuestros usuarios y ofreciendo una experiencia segura.<\/p>\n","protected":false},"excerpt":{"rendered":"<p>Bienvenido a canjidiamons.tigera.xyz, un sitio web creado con el objetivo de ofrecer herramientas, gu\u00edas y contenido informativo relacionado con el videojuego Free Fire. Nuestra misi\u00f3n<\/p>\n","protected":false},"author":1,"featured_media":0,"parent":0,"menu_order":0,"comment_status":"closed","ping_status":"closed","template":"","meta":{"footnotes":""},"class_list":["post-111","page","type-page","status-publish","hentry"],"_links":{"self":[{"href":"https:\/\/canjidiamonff.tigera.xyz\/index.php?rest_route=\/wp\/v2\/pages\/111","targetHints":{"allow":["GET"]}}],"collection":[{"href":"https:\/\/canjidiamonff.tigera.xyz\/index.php?rest_route=\/wp\/v2\/pages"}],"about":[{"href":"https:\/\/canjidiamonff.tigera.xyz\/index.php?rest_route=\/wp\/v2\/types\/page"}],"author":[{"embeddable":true,"href":"https:\/\/canjidiamonff.tigera.xyz\/index.php?rest_route=\/wp\/v2\/users\/1"}],"replies":[{"embeddable":true,"href":"https:\/\/canjidiamonff.tigera.xyz\/index.php?rest_route=%2Fwp%2Fv2%2Fcomments&post=111"}],"version-history":[{"count":1,"href":"https:\/\/canjidiamonff.tigera.xyz\/index.php?rest_route=\/wp\/v2\/pages\/111\/revisions"}],"predecessor-version":[{"id":112,"href":"https:\/\/canjidiamonff.tigera.xyz\/index.php?rest_route=\/wp\/v2\/pages\/111\/revisions\/112"}],"wp:attachment":[{"href":"https:\/\/canjidiamonff.tigera.xyz\/index.php?rest_route=%2Fwp%2Fv2%2Fmedia&parent=111"}],"curies":[{"name":"wp","href":"https:\/\/api.w.org\/{rel}","templated":true}]}}